{"id":126,"date":"2020-04-30T20:07:52","date_gmt":"2020-04-30T20:07:52","guid":{"rendered":"http:\/\/fewo-vogtlandblick.de\/?page_id=126"},"modified":"2025-03-14T15:20:28","modified_gmt":"2025-03-14T15:20:28","slug":"mesmerize","status":"publish","type":"page","link":"https:\/\/fewo-vogtlandblick.de\/","title":{"rendered":"Front Page"},"content":{"rendered":"<div  id=\"willkommen\" style=\"background-color: #f5fafd;\" data-label=\"Willkommen\" data-id=\"about-images-right-section-mc\" data-export-id=\"about-images-right-section-mc\" data-bullets-visibility=\"true\" data-category=\"about\" class=\"about-images-right-section-mc content-section content-section-spacing\"><div  class=\"gridContainer\"> <div  class=\"row middle-sm text-center\"><div  class=\"col-sm-5 content-left-sm\" data-type=\"column\">  <h2  class=\"\">Ihre Ferienwohnung ideal f\u00fcr <span  style=\"font-family: Playfair Display,sans-serif; font-weight: 700; font-style: italic;\" href=\"#\">Ausfl\u00fcge, Radtouren und Wanderungen<\/span> im Vogtland!<\/h2> <p  class=\"\"><br ><br >Am Rande des s\u00e4chsischen Vogtlandes, im Ortsteil Untereichigt der Gemeinde Eichigt, in der N\u00e4he des Dreil\u00e4nderecks Sachsen- Bayern- B\u00f6hmen, steht unser Haus. Dort, inmitten von W\u00e4ldern, Wiesen und Feldern entdecken Sie vielleicht auch unsere liebevolle kleine Ferienwohnung \u201eVogtlandblick\u201c \u2013 Wir w\u00fcrden uns freuen!<br ><br >Egal, ob Sie von Ihrer Ferienwohnung aus mit Auto, Rad oder zu Fu\u00df das Vogtland erkunden m\u00f6chten oder ob Sie einfach mal ausspannen wollen, Ruhe und Natur genie\u00dfen m\u00f6chten \u2013 Hier sind Sie gut aufgehoben!<br ><br >Ihre Ferienwohnung mit separatem Eingang ist auf einer Grundfl\u00e4che von 60 m\u00b2 in eine kombinierte Wohn- u. Schlafstube, eine ger\u00e4umige vollwertige K\u00fcche mit Essecke, gro\u00dfe Diele sowie ein Bad mit Dusche, Badewanne u. WC unterteilt. Die Ferienwohnung ist liebevoll eingerichtet und vollwertig ausgestattet.<br ><br >Im Umfeld der Ferienwohnung finden Sie auch f\u00fcr Ihren kleinen bis mittleren Hund sehr gute Bedingungen vor. Der Wald l\u00e4dt direkt hinter dem Haus zum Spaziergang ein. Wir haben selbst Hunde und wissen diese Freiheit zu sch\u00e4tzen.<\/p> <a  class=\"button color1\" href=\"https:\/\/fewo-vogtlandblick.de?page_id=13\" target=\"_self\" data-cp-link=\"1\" rel=\"noopener noreferrer\">Fotogalerie anschauen!<\/a><\/div> <div  class=\"col-sm-7 space-bottom-xs\"><div  class=\"image-group-side-3-img\"> <img  decoding=\"async\" class=\"topimg shadow-large\" src=\"http:\/\/fewo-vogtlandblick.de\/wp-content\/uploads\/2020\/04\/cropped-Holzscheite-1-scaled.jpg\" alt=\"\" title=\"cropped-Holzscheite-1.jpg\"> <img  decoding=\"async\" class=\"rightimg shadow-large\" src=\"http:\/\/fewo-vogtlandblick.de\/wp-content\/uploads\/2020\/04\/cropped-oberhalb-der-FeWo-1-scaled.jpg\" alt=\"\" title=\"cropped-oberhalb-der-FeWo-1.jpg\"> <div  class=\"leftimg\"> <img  decoding=\"async\" class=\"shadow-large\" src=\"http:\/\/fewo-vogtlandblick.de\/wp-content\/uploads\/2020\/04\/cropped-Fr\u00fchling-vor-der-FeWo-2-scaled.jpg\" alt=\"\" title=\"cropped-Fr\u00fchling-vor-der-FeWo-2.jpg\"><\/div> <\/div><\/div> <\/div><\/div> <\/div><div  data-label=\"Ausstattung\" data-id=\"content--1\" data-export-id=\"content-3\" data-category=\"content\" class=\"content-3 content-section content-section-spacing\" id=\"ausstattung\" style=\"background-color: rgb(245, 250, 253);\" data-bullets-visibility=\"true\"><div  class=\"\"> <div  class=\"row middle-xs\"><div  class=\"col-sm-7 full-col-left-padding full-col-right-padding\"> <div  class=\"row\"><div  data-type=\"column\" class=\"space-bottom-small content-title-col\">  <h2  class=\"\">Ausstattung<\/h2> <p  class=\"\">Gem\u00fctliche, gut ausgestattete Ferienwohnung mit ca. 60 m\u00b2 Wohnfl\u00e4che, Doppelbett mit modernen Kaltschaummatratzen, Schlafsofa, TV, WLAN, vollwertige und gut ausgestattete K\u00fcche mit Essecke, Geschirrsp\u00fcler vorhanden, Mini Radio\/CD- Anlage, gro\u00dfe Diele, vollwertiges Bad mit WC, gro\u00dfer Dusche, Badewanne u. Waschmaschine<\/p><\/div> <\/div> <div  class=\"row spaced-cols\" data-type=\"row\"> <div  class=\"col-xs-6\" data-type=\"column\"> <h5  class=\"\">ZUS\u00c4TZLICH<\/h5> <p  class=\"\">stellen wir Ihnen gerne auch eine G\u00e4steliege oder ein Kinderbett auf.<\/p><\/div> <div  class=\"col-xs-6\" data-type=\"column\"><h5  class=\"\">INKLUSIVE<\/h5> <p  class=\"\">Terrasse vor der Ferienwohnung, Terrassenm\u00f6bel, Sonnenschirm sind vorhanden, Liegewiese, Holzkohlegrill\n<\/p><\/div> <div  class=\"col-xs-6\" data-type=\"column\"><h5  class=\"\">ENTDECKER<\/h5> <p  class=\"\">F\u00fcr Kinder l\u00e4dt der Wald gleich hinter dem Haus als Abenteuerspielplatz ein und am Teich k\u00f6nnen kleine Entdecker (nat\u00fcrlich unter elterlicher Aufsicht) die Abenteuerwelt Tiere und Pflanzen im und am Wasser erkunden.<\/p><\/div> <div  class=\"col-xs-6\" data-type=\"column\"><h5  class=\"\">AUTO, FAHRRAD, HUND<\/h5> <p  class=\"\">Stellplatz f\u00fcr PKW\/ Transporter u. Fahrr\u00e4der vor der Wohnung vorhanden, Unterstellm\u00f6glichkeit f\u00fcr Motorrad, Hundek\u00f6rbchen und Sofadecke f\u00fcr den Vierbeiner <\/p><a  class=\"button blue\" href=\"https:\/\/fewo-vogtlandblick.de?page_id=13\" target=\"_self\" data-cp-link=\"1\" rel=\"noopener noreferrer\">Mehr Entdecken!<\/a><\/div> <\/div><\/div> <div  class=\"col-sm-5 bg-image shadow-large-black revert-classes-holder\" data-bg=\"image\" style=\"background-image: url(&quot;http:\/\/fewo-vogtlandblick.de\/wp-content\/uploads\/2020\/04\/cropped-Sitzgruppe-Zugang-zur-K\u00fcche.jpg&quot;);\"><\/div><\/div> <\/div><\/div><div  data-label=\"Preise\" data-id=\"about--1\" data-export-id=\"about-9\" data-category=\"about\" class=\"about-9 content-section content-section-spacing\" id=\"preise\" style=\"background-color: rgb(245, 250, 253);\" data-bullets-visibility=\"true\"><div  class=\"gridContainer\"> <div  class=\"row middle-sm text-center\"><div  class=\"col-sm-5 space-bottom-xs content-column content-left-sm\" data-type=\"column\">  <h2  class=\"\">Preise <span  style=\"font-family: Playfair Display,sans-serif; font-weight: 700; font-style: italic;\" href=\"#\"><\/span><\/h2> <p  class=\"\">*Nichtraucher- Ferienwohnung 60 m\u00b2 f\u00fcr 2 Personen<br >    *Preis pro \u00dcbernachtung 50 \u20ac (f\u00fcr die gesamte FeWo) *Bettw\u00e4sche, Handt\u00fccher, WLAN, Endreinigung u. Betriebskosten sind inklusive<br >*Endreinigung einmalig pro Aufenthalt 20 \u20ac<br >    *Aufbettung m\u00f6glich (Schlafsofa f\u00fcr 2 Personen sowie eine G\u00e4steliege) p. P. 8,- \u20ac (Erwachsener)<br >    *Kinder bis 6 Jahre sind frei, Kinderbett (alternativ zur G\u00e4steliege) m\u00f6glich<br >    *Kinder ab 7 Jahren f\u00fcr 6,- \u20ac<br >    *Preis f\u00fcr Einzelpersonen auf Verhandlungsbasis<br >    *Zuschlag f\u00fcr einzelne \u00dcbernachtung 10,- \u20ac<br >    *Hund 5,- \u20ac pro Tag<br ><br >Sollten Sie unsere Wohnung \u00fcber einen l\u00e4ngeren Zeitraum buchen wollen, erstellen wir Ihnen auf Nachfrage gerne ein individuelles Angebot.<\/p><a  class=\"button color1\" href=\"https:\/\/fewo-vogtlandblick.de\/#kontakt\" target=\"_self\" data-cp-link=\"1\" rel=\"noopener noreferrer\">Jetzt Anfrage senden!<\/a> <a  class=\"button blue\" href=\"https:\/\/fewo-vogtlandblick.de?page_id=238\" target=\"_self\" data-cp-link=\"1\" rel=\"noopener noreferrer\">Belegungsplan \u00f6ffnen<\/a><\/div> <div  class=\"col-sm-7 flexbox flexbox middle-xs center-xs space-bottom-xs\"><div  class=\"overlay-box flexbox middle-xs center-xs overlay-holder \"> <div  class=\"overlay-box-offset offset-background shadow-medium bg-color2 hide-xs\"><\/div> <img  decoding=\"async\" class=\"flexbox shadow-large img1\" src=\"http:\/\/fewo-vogtlandblick.de\/wp-content\/uploads\/2020\/04\/cropped-FeWo-mit-Terrasse-scaled.jpg\" data-size=\"600x400\" alt=\"\" title=\"cropped-FeWo-mit-Terrasse.jpg\"><\/div> <\/div><\/div> <\/div><\/div><div  data-label=\"Anfahrt\" data-id=\"content--2\" data-export-id=\"content-7-mc\" data-category=\"content\" class=\"content-7-mc content-section content-section-spacing\" id=\"anfahrt\" style=\"background-color: rgb(245, 250, 253);\" data-bullets-visibility=\"true\"><div  class=\"gridContainer\"> <div  class=\"row middle-sm\"><div  class=\"col-sm-6 space-bottom-xs\" data-type=\"column\"> <h2  class=\"\">Anfahrt<\/h2> <p  class=\"\">Sie erreichen uns \u00fcber die A72, Abfahrt Plauen- S\u00fcd weiter auf der B 92 in Richtung Adorf, den Abzweig Hundsgr\u00fcn in Richtung Eichigt. Das Haus mit der Ferienwohnung liegt au\u00dferhalb der Ortslage Eichigt im Ortsteil Untereichigt.\n<br ><br >Achtung \u2013 aktuell wird die B 92 in der Ortsdurchfahrt Oelsnitz komplett saniert. Eine Umleitung ist ausgeschildert.<br ><br >Wir m\u00f6chten darauf hinweisen, dass die Zufahrt zur Ferienwohnung \u00fcber einen ca. 800 Meter langen, gut befahrbaren Wirtschaftsweg erfolgt. Bei Schnee wird nicht \u00f6ffentlich ber\u00e4umt, d. h. wir organisieren selbst den Winterdienst, es wird nicht gesalzen.<\/p> <\/div> <div  class=\"col-sm-6\" data-type=\"column\"> <img  decoding=\"async\" class=\"shadow-large\" src=\"http:\/\/fewo-vogtlandblick.de\/wp-content\/uploads\/2015\/08\/cropped-Karte-Anfahrt.jpg\" alt=\"\" title=\"cropped-Karte-Anfahrt.jpg\"><\/div> <\/div><\/div> <\/div><div  id=\"kontakt\" style=\"background-color: rgb(255, 255, 255); background-image: url(&quot;http:\/\/fewo-vogtlandblick.de\/wp-content\/uploads\/2020\/04\/Blick-in-das-Lochbachtal-1.jpg&quot;); background-size: cover; background-position: center top;\" data-label=\"Kontakt\" data-id=\"contact-1-mc\" data-export-id=\"contact-1-mc\" data-bullets-visibility=\"true\" data-category=\"contact\" class=\"contact-1-mc content-section content-section-spacing white-text\" data-parallax-depth=\"20\"><div  class=\"gridContainer\"> <div  class=\"row text-center\"><div  class=\"section-title-col\" data-type=\"column\">  <h2  class=\"\">Kontaktieren Sie uns!<\/h2> <p  class=\"lead\">Wir freuen uns auf Ihre Anfrage! <\/p><\/div> <\/div> <div  class=\"row text-center\"> <div  class=\"col-xs-12 col-sm-8 col-sm-offset-2 contact-form-wrapper inline-info\"> <div  class=\"card large-padding\"> <div  class=\"\" data-content-shortcode=\"mesmerize_contact_form shortcode=&quot;wpforms id=&amp;amp;quot;123&amp;amp;quot;&quot;\" data-editable=\"true\"><div class=\"wpforms-container wpforms-container-full\" id=\"wpforms-123\"><form id=\"wpforms-form-123\" class=\"wpforms-validate wpforms-form\" data-formid=\"123\" method=\"post\" enctype=\"multipart\/form-data\" action=\"\/index.php?rest_route=%2Fwp%2Fv2%2Fpages%2F126\" data-token=\"ab63a16d8d0433eb724aa4b79b343a4a\" data-token-time=\"1778671017\"><noscript class=\"wpforms-error-noscript\">Bitte aktiviere JavaScript in deinem Browser, um dieses Formular fertigzustellen.<\/noscript><div class=\"wpforms-field-container\"><div id=\"wpforms-123-field_0-container\" class=\"wpforms-field wpforms-field-name\" data-field-id=\"0\"><label class=\"wpforms-field-label\">Name <span class=\"wpforms-required-label\">*<\/span><\/label><div class=\"wpforms-field-row wpforms-field-large\"><div class=\"wpforms-field-row-block wpforms-first wpforms-one-half\"><input type=\"text\" id=\"wpforms-123-field_0\" class=\"wpforms-field-name-first wpforms-field-required\" name=\"wpforms[fields][0][first]\" required><label for=\"wpforms-123-field_0\" class=\"wpforms-field-sublabel after\">Vorname<\/label><\/div><div class=\"wpforms-field-row-block wpforms-one-half\"><input type=\"text\" id=\"wpforms-123-field_0-last\" class=\"wpforms-field-name-last wpforms-field-required\" name=\"wpforms[fields][0][last]\" required><label for=\"wpforms-123-field_0-last\" class=\"wpforms-field-sublabel after\">Nachname<\/label><\/div><\/div><\/div><div id=\"wpforms-123-field_1-container\" class=\"wpforms-field wpforms-field-email\" data-field-id=\"1\"><label class=\"wpforms-field-label\" for=\"wpforms-123-field_1\">Email <span class=\"wpforms-required-label\">*<\/span><\/label><input type=\"email\" id=\"wpforms-123-field_1\" class=\"wpforms-field-large wpforms-field-required\" name=\"wpforms[fields][1]\" spellcheck=\"false\" required><\/div><div id=\"wpforms-123-field_2-container\" class=\"wpforms-field wpforms-field-textarea\" data-field-id=\"2\"><label class=\"wpforms-field-label\" for=\"wpforms-123-field_2\">Ihre Nachricht <span class=\"wpforms-required-label\">*<\/span><\/label><textarea id=\"wpforms-123-field_2\" class=\"wpforms-field-medium wpforms-field-required\" name=\"wpforms[fields][2]\" required><\/textarea><\/div><\/div><!-- .wpforms-field-container --><div class=\"wpforms-field wpforms-field-hp\"><label for=\"wpforms-123-field-hp\" class=\"wpforms-field-label\">Comment<\/label><input type=\"text\" name=\"wpforms[hp]\" id=\"wpforms-123-field-hp\" class=\"wpforms-field-medium\"><\/div><div class=\"wpforms-submit-container\" ><input type=\"hidden\" name=\"wpforms[id]\" value=\"123\"><input type=\"hidden\" name=\"page_title\" value=\"\"><input type=\"hidden\" name=\"page_url\" value=\"https:\/\/fewo-vogtlandblick.de\/index.php?rest_route=\/wp\/v2\/pages\/126\"><input type=\"hidden\" name=\"url_referer\" value=\"\"><button type=\"submit\" name=\"wpforms[submit]\" id=\"wpforms-submit-123\" class=\"wpforms-submit button color1\" data-alt-text=\"Sending...\" data-submit-text=\"Absenden\" aria-live=\"assertive\" value=\"wpforms-submit\">Absenden<\/button><\/div><\/form><\/div>  <!-- .wpforms-container --><\/div><\/div> <\/div><\/div> <\/div><\/div>","protected":false},"excerpt":{"rendered":"<p>Ihre Ferienwohnung ideal f\u00fcr Ausfl\u00fcge, Radtouren und Wanderungen im Vogtland! Am Rande des s\u00e4chsischen Vogtlandes, im Ortsteil Untereichigt der Gemeinde Eichigt, in der N\u00e4he des Dreil\u00e4nderecks Sachsen- Bayern- B\u00f6hmen, steht unser Haus. Dort, inmitten von W\u00e4ldern, Wiesen und Feldern entdecken Sie vielleicht auch unsere liebevolle kleine Ferienwohnung \u201eVogtlandblick\u201c \u2013 Wir w\u00fcrden uns freuen!Egal, ob Sie&hellip; <br \/> <a class=\"read-more\" href=\"https:\/\/fewo-vogtlandblick.de\/\">Weiterlesen<\/a><\/p>\n","protected":false},"author":1,"featured_media":0,"parent":0,"menu_order":0,"comment_status":"closed","ping_status":"closed","template":"page-templates\/homepage.php","meta":{"footnotes":""},"class_list":["post-126","page","type-page","status-publish","hentry"],"_links":{"self":[{"href":"https:\/\/fewo-vogtlandblick.de\/index.php?rest_route=\/wp\/v2\/pages\/126","targetHints":{"allow":["GET"]}}],"collection":[{"href":"https:\/\/fewo-vogtlandblick.de\/index.php?rest_route=\/wp\/v2\/pages"}],"about":[{"href":"https:\/\/fewo-vogtlandblick.de\/index.php?rest_route=\/wp\/v2\/types\/page"}],"author":[{"embeddable":true,"href":"https:\/\/fewo-vogtlandblick.de\/index.php?rest_route=\/wp\/v2\/users\/1"}],"replies":[{"embeddable":true,"href":"https:\/\/fewo-vogtlandblick.de\/index.php?rest_route=%2Fwp%2Fv2%2Fcomments&post=126"}],"version-history":[{"count":29,"href":"https:\/\/fewo-vogtlandblick.de\/index.php?rest_route=\/wp\/v2\/pages\/126\/revisions"}],"predecessor-version":[{"id":241,"href":"https:\/\/fewo-vogtlandblick.de\/index.php?rest_route=\/wp\/v2\/pages\/126\/revisions\/241"}],"wp:attachment":[{"href":"https:\/\/fewo-vogtlandblick.de\/index.php?rest_route=%2Fwp%2Fv2%2Fmedia&parent=126"}],"curies":[{"name":"wp","href":"https:\/\/api.w.org\/{rel}","templated":true}]}}